{"id":4100,"date":"2021-12-09T10:27:26","date_gmt":"2021-12-09T10:27:26","guid":{"rendered":"https:\/\/webvisioncommunication.ch\/?page_id=4100"},"modified":"2021-12-15T06:28:39","modified_gmt":"2021-12-15T06:28:39","slug":"apps","status":"publish","type":"page","link":"https:\/\/webvisioncommunication.ch\/index.php\/apps\/","title":{"rendered":"Apps"},"content":{"rendered":"<p>[vc_row row_type=&#8221;parallax&#8221; full_screen_section_height=&#8221;no&#8221; css=&#8221;.vc_custom_1639549717543{padding-top: 250px !important;padding-bottom: 250px !important;background-image: url(https:\/\/webvisioncommunication.ch\/wp-content\/uploads\/2021\/12\/AdobeStock_440578839-2.jpeg?id=4112) !important;}&#8221; bb_tab_container=&#8221;&#8221; mobilebbresponsive=&#8221;.bb_custom_1639549717543{width:600px!important;height:200px!important;max-width:600px!important;max-height:300px!important;right:200px!important;left:-200px!important;}&#8221;][vc_column]<div class=\"edgtf-elements-holder edgtf-responsive-mode-768\" ><div class=\"edgtf-elements-holder-item \" data-item-class=\"edgtf-elements-holder-custom-268284\" data-1280-1440=\"18% 0% 16% 18%\" data-1024-1280=\"17% 0% 17% 18%\" data-768-1024=\"14% 0% 12% 13%\" data-600-768=\"24% 0% 24% 7%\" data-480-600=\"21% 0% 21% 0%\" data-480=\"21% 0% 21% 0%\" >\n        <div class=\"edgtf-elements-holder-item-inner\">\n        <div class=\"edgtf-elements-holder-item-content edgtf-elements-holder-custom-268284\" >\n            \n<div class=\"edgtf-custom-font-holder\" style=\"font-family: Poppins;font-size: 50px;line-height: 170px;font-weight: 400;text-align: left;color: #ffffff\" data-font-size= 50 data-line-height= 170>\n    <span class=\"edgtf-typed-wrap\" >\n\t\t\t<span class=\"edgtf-typed\">\n\t\t\t\t                    <span class=\"edgtf-typed-1\">App Entwicklung<\/span>\n                                    <span class=\"edgtf-typed-2\">F\u00fcr grossartige User-Experience<\/span>\n                                    <span class=\"edgtf-typed-3\">Erh\u00f6hung der Kundenzufriedenheit<\/span>\n                \t\t\t<\/span>\n\t\t<\/span>\n<\/div>        <\/div>\n    <\/div>\n<\/div><\/div>[\/vc_column][\/vc_row][vc_row content_width=&#8221;grid&#8221; css=&#8221;.vc_custom_1639473043998{margin-top: 70px !important;padding-bottom: 40px !important;background-color: #ffffff !important;}&#8221;][vc_column offset=&#8221;vc_col-lg-4 vc_col-md-4 vc_col-xs-12&#8243;]<div class=\"edgtf-iwt clearfix edgtf-iwt-left-from-title  edgtf-dark-skin edgtf-iwt-icon-tiny\">\n    <div class=\"edgtf-iwt-content-holder\">\n        <div class=\"edgtf-iwt-icon-title-holder\">\n            <div class=\"edgtf-iwt-icon-holder\" style=\"margin: 0px 30px 0px 0px\">\n                                    \n    <span class=\"edgtf-icon-shortcode normal\"  >\n        \n            <i class=\"edgtf-icon-font-awesome fa fa-apple edgtf-icon-element\" style=\"font-size:53px\" ><\/i>\n                <\/span>\n\n                                <\/div>\n            <div class=\"edgtf-iwt-title-holder\">\n                <h3 >iOS<\/h3>\n        <\/div>\n    <\/div>\n    <div class=\"edgtf-iwt-text-holder\">\n        <p >Architektur- und Designentwicklung f\u00fcr Ihr Produkt gem\u00e4\u00df den iOS-Richtlinien, um sich dem \u00d6kosystem von Apple (macOS, iOS, iPadOS, WatchOS, Web-Services) gut anzupassen und zu einer h\u00f6chst sicheren Plattform zu werden.<\/p>\n\n            <\/div>\n<\/div>\n<\/div>[vc_empty_space height=&#8221;45px&#8221;][\/vc_column][vc_column offset=&#8221;vc_col-lg-4 vc_col-md-4 vc_col-xs-12&#8243;]<div class=\"edgtf-iwt clearfix edgtf-iwt-left-from-title  edgtf-dark-skin edgtf-iwt-icon-tiny\">\n    <div class=\"edgtf-iwt-content-holder\">\n        <div class=\"edgtf-iwt-icon-title-holder\">\n            <div class=\"edgtf-iwt-icon-holder\" style=\"margin: 0px 30px 0px 0px\">\n                                    \n    <span class=\"edgtf-icon-shortcode normal\"  >\n        \n            <i class=\"edgtf-icon-font-awesome fa fa-android edgtf-icon-element\" style=\"font-size:56px\" ><\/i>\n                <\/span>\n\n                                <\/div>\n            <div class=\"edgtf-iwt-title-holder\">\n                <h3 >Android<\/h3>\n        <\/div>\n    <\/div>\n    <div class=\"edgtf-iwt-text-holder\">\n        <p >Die App-Entwicklung f\u00fcr Android ist eine popul\u00e4re L\u00f6sung, da sie mit jedem Ger\u00e4t auf der Plattform gut funktionieren kann. Das System ist offen, flexibel und stabil, bietet mehr Freiheit und erm\u00f6glicht die Umsetzung von Ideen.<\/p>\n\n            <\/div>\n<\/div>\n<\/div>[vc_empty_space height=&#8221;45px&#8221;][\/vc_column][vc_column offset=&#8221;vc_col-lg-4 vc_col-md-4 vc_col-xs-12&#8243;]<div class=\"edgtf-iwt clearfix edgtf-iwt-left-from-title  edgtf-dark-skin edgtf-iwt-icon-tiny\">\n    <div class=\"edgtf-iwt-content-holder\">\n        <div class=\"edgtf-iwt-icon-title-holder\">\n            <div class=\"edgtf-iwt-icon-holder\" style=\"margin: 0px 30px 0px 0px\">\n                                    \n    <span class=\"edgtf-icon-shortcode normal\"  >\n        \n            <i class=\"edgtf-icon-font-awesome fa fa-puzzle-piece edgtf-icon-element\" style=\"font-size:56px\" ><\/i>\n                <\/span>\n\n                                <\/div>\n            <div class=\"edgtf-iwt-title-holder\">\n                <h3 >Cross-Plattform<\/h3>\n        <\/div>\n    <\/div>\n    <div class=\"edgtf-iwt-text-holder\">\n        <p >Flexible und gleichzeitige Entwicklung f\u00fcr mehrere mobile Plattformen, die weniger Zeit und technische Ressourcen erfordert. Ideal f\u00fcr die Anfangsphasen oder f\u00fcr Apps mit kompakter Funktionalit\u00e4t.<\/p>\n\n            <\/div>\n<\/div>\n<\/div>[vc_empty_space height=&#8221;45px&#8221;][\/vc_column][\/vc_row][vc_row css=&#8221;.vc_custom_1639476778746{padding-top: 70px !important;padding-bottom: 70px !important;background-image: url(https:\/\/webvisioncommunication.ch\/wp-content\/uploads\/2021\/12\/AdobeStock_308966303.jpeg?id=4163) !important;background-position: center !important;background-repeat: no-repeat !important;background-size: cover !important;}&#8221;][vc_column width=&#8221;1\/2&#8243;][\/vc_column][vc_column width=&#8221;1\/2&#8243;][vc_column_text css=&#8221;.vc_custom_1639476853549{padding-top: 100px !important;padding-right: 50px !important;padding-bottom: 100px !important;padding-left: 100px !important;}&#8221;]<\/p>\n<h3><span style=\"color: #ffffff;\">Weltweit nutzen deutlich mehr Anwender Smartphones als PCs. Mobile Applikationen sind daher f\u00fcr viele Unternehmen unumg\u00e4nglich, um ihre Zielgruppen zu erreichen.<\/span><\/h3>\n<p>[\/vc_column_text][\/vc_column][\/vc_row][vc_row content_width=&#8221;grid&#8221; css=&#8221;.vc_custom_1502372037275{background-color: #eeeeee !important;}&#8221;][vc_column][vc_row_inner css=&#8221;.vc_custom_1502372191323{margin-top: -45px !important;}&#8221;][vc_column_inner]<div class=\"edgtf-elements-holder edgtf-two-columns edgtf-responsive-mode-768\" ><div class=\"edgtf-elements-holder-item \" data-item-class=\"edgtf-elements-holder-custom-886637\" data-1280-1440=\"24% 4% 17% 4%\" data-768-1024=\"27% 4% 17% 4%\" data-600-768=\"24% 4% 2% 4%\" data-480-600=\"34% 1% 11% 1%\" data-480=\"34% 1% 11% 1%\" >\n        <div class=\"edgtf-elements-holder-item-inner\">\n        <div class=\"edgtf-elements-holder-item-content edgtf-elements-holder-custom-886637\" style=\"padding: 28% 18% 21% 4%\">\n            <div class=\"edgtf-accordion-holder clearfix edgtf-accordion edgtf-initial boxed_accordion_style edgtf-dark-skin edgtf-box-shadow \">\n    <h5 class=\"clearfix edgtf-title-holder\">\n<span class=\"edgtf-tab-title\">\n\t\t<span class=\"edgtf-tab-title-inner\">\n\t\t\tBeratung\t\t<\/span>\n\t<\/span>\n<span class=\"edgtf-accordion-mark\">\n\t\t<span class=\"edgtf-accordion-mark-icon\">\n\t\t\t<span class=\"icon_plus\"><\/span>\n\t\t\t<span class=\"icon_close\"><\/span>\n\t\t<\/span>\n\t<\/span>\n<\/h5>\n<div class=\"edgtf-accordion-content\">\n    <div class=\"edgtf-accordion-content-inner\">\n        [vc_column_text]Technische Beratung zusammen mit einem guten Verst\u00e4ndnis vom mobilen Markt f\u00fchrt zu einer erfolgreichen Strategie f\u00fcr Ihre App.[\/vc_column_text]    <\/div>\n<\/div><h5 class=\"clearfix edgtf-title-holder\">\n<span class=\"edgtf-tab-title\">\n\t\t<span class=\"edgtf-tab-title-inner\">\n\t\t\tBusiness-Analyse\t\t<\/span>\n\t<\/span>\n<span class=\"edgtf-accordion-mark\">\n\t\t<span class=\"edgtf-accordion-mark-icon\">\n\t\t\t<span class=\"icon_plus\"><\/span>\n\t\t\t<span class=\"icon_close\"><\/span>\n\t\t<\/span>\n\t<\/span>\n<\/h5>\n<div class=\"edgtf-accordion-content\">\n    <div class=\"edgtf-accordion-content-inner\">\n        [vc_column_text]Das Ziel von BA ist es, alle Anforde-rungen zu sammeln, jedes Detail zu analysieren und eine gesamte Vision in Form einer pixelgenauen Dokumentation zu erstellen.[\/vc_column_text]    <\/div>\n<\/div><h5 class=\"clearfix edgtf-title-holder\">\n<span class=\"edgtf-tab-title\">\n\t\t<span class=\"edgtf-tab-title-inner\">\n\t\t\tUI\/UX-Design\t\t<\/span>\n\t<\/span>\n<span class=\"edgtf-accordion-mark\">\n\t\t<span class=\"edgtf-accordion-mark-icon\">\n\t\t\t<span class=\"icon_plus\"><\/span>\n\t\t\t<span class=\"icon_close\"><\/span>\n\t\t<\/span>\n\t<\/span>\n<\/h5>\n<div class=\"edgtf-accordion-content\">\n    <div class=\"edgtf-accordion-content-inner\">\n        [vc_column_text]Ein benutzerzentrierter Ansatz zusammen mit ganzheitlicher UI\/UX-Designerfahrung garantiert eine hochwertige mobile L\u00f6sung und Benutzerzufriedenheit.[\/vc_column_text]    <\/div>\n<\/div><h5 class=\"clearfix edgtf-title-holder\">\n<span class=\"edgtf-tab-title\">\n\t\t<span class=\"edgtf-tab-title-inner\">\n\t\t\tMobile Entwicklung\t\t<\/span>\n\t<\/span>\n<span class=\"edgtf-accordion-mark\">\n\t\t<span class=\"edgtf-accordion-mark-icon\">\n\t\t\t<span class=\"icon_plus\"><\/span>\n\t\t\t<span class=\"icon_close\"><\/span>\n\t\t<\/span>\n\t<\/span>\n<\/h5>\n<div class=\"edgtf-accordion-content\">\n    <div class=\"edgtf-accordion-content-inner\">\n        [vc_column_text]Ein pr\u00e4zises, effizientes und skalierbares internes Team der Mobile-Entwickler liefert ein hochwertiges Software- Produkt, das genau so funktioniert, wie Sie es sich vorgestellt haben.[\/vc_column_text]    <\/div>\n<\/div><h5 class=\"clearfix edgtf-title-holder\">\n<span class=\"edgtf-tab-title\">\n\t\t<span class=\"edgtf-tab-title-inner\">\n\t\t\tQualit\u00e4tssicherung\t\t<\/span>\n\t<\/span>\n<span class=\"edgtf-accordion-mark\">\n\t\t<span class=\"edgtf-accordion-mark-icon\">\n\t\t\t<span class=\"icon_plus\"><\/span>\n\t\t\t<span class=\"icon_close\"><\/span>\n\t\t<\/span>\n\t<\/span>\n<\/h5>\n<div class=\"edgtf-accordion-content\">\n    <div class=\"edgtf-accordion-content-inner\">\n        [vc_column_text]Die entwickelten Produkte werden in Ihre Infrastruktur reibungslos integriert, getestet und f\u00fcr alle Arten von mobilen Ger\u00e4ten optimiert.[\/vc_column_text]    <\/div>\n<\/div><h5 class=\"clearfix edgtf-title-holder\">\n<span class=\"edgtf-tab-title\">\n\t\t<span class=\"edgtf-tab-title-inner\">\n\t\t\tSupport und Wartung\t\t<\/span>\n\t<\/span>\n<span class=\"edgtf-accordion-mark\">\n\t\t<span class=\"edgtf-accordion-mark-icon\">\n\t\t\t<span class=\"icon_plus\"><\/span>\n\t\t\t<span class=\"icon_close\"><\/span>\n\t\t<\/span>\n\t<\/span>\n<\/h5>\n<div class=\"edgtf-accordion-content\">\n    <div class=\"edgtf-accordion-content-inner\">\n        [vc_column_text]Das Team sichert Ihren Erfolg auch nach der Produkteinf\u00fchrung durch laufende Analysen und Weiterentwicklungen.[\/vc_column_text]    <\/div>\n<\/div><\/div>        <\/div>\n    <\/div>\n<\/div><div class=\"edgtf-elements-holder-item \" data-item-class=\"edgtf-elements-holder-custom-978110\" data-600-768=\"24% 4% 14% 4%\" data-480-600=\"0% 0% 0% 16%\" data-480=\"0% 0% 0% 16%\" >\n        <div class=\"edgtf-elements-holder-item-inner\">\n        <div class=\"edgtf-elements-holder-item-content edgtf-elements-holder-custom-978110\" style=\"padding: 0% 0% 4% 0%\">\n            [vc_single_image image=&#8221;132&#8243; img_size=&#8221;full&#8221;]        <\/div>\n    <\/div>\n<\/div><\/div>[\/vc_column_inner][\/vc_row_inner][\/vc_column][\/vc_row]<\/p>\n","protected":false},"excerpt":{"rendered":"<p>[vc_row row_type=&#8221;parallax&#8221; full_screen_section_height=&#8221;no&#8221; css=&#8221;.vc_custom_1639549717543{padding-top: 250px !important;padding-bottom: 250px !important;background-image: url(https:\/\/webvisioncommunication.ch\/wp-content\/uploads\/2021\/12\/AdobeStock_440578839-2.jpeg?id=4112) !important;}&#8221; bb_tab_container=&#8221;&#8221; mobilebbresponsive=&#8221;.bb_custom_1639549717543{width:600px!important;height:200px!important;max-width:600px!important;max-height:300px!important;right:200px!important;left:-200px!important;}&#8221;][vc_column][\/vc_column][\/vc_row][vc_row content_width=&#8221;grid&#8221; css=&#8221;.vc_custom_1639473043998{margin-top: 70px !important;padding-bottom: 40px !important;background-color: #ffffff !important;}&#8221;][vc_column offset=&#8221;vc_col-lg-4 vc_col-md-4 vc_col-xs-12&#8243;][vc_empty_space height=&#8221;45px&#8221;][\/vc_column][vc_column offset=&#8221;vc_col-lg-4 vc_col-md-4 vc_col-xs-12&#8243;][vc_empty_space height=&#8221;45px&#8221;][\/vc_column][vc_column offset=&#8221;vc_col-lg-4 vc_col-md-4 vc_col-xs-12&#8243;][vc_empty_space height=&#8221;45px&#8221;][\/vc_column][\/vc_row][vc_row css=&#8221;.vc_custom_1639476778746{padding-top: 70px !important;padding-bottom: 70px !important;background-image: url(https:\/\/webvisioncommunication.ch\/wp-content\/uploads\/2021\/12\/AdobeStock_308966303.jpeg?id=4163) !important;background-position: center !important;background-repeat: no-repeat !important;background-size: cover !important;}&#8221;][vc_column&#8230;<\/p>\n","protected":false},"author":1,"featured_media":0,"parent":0,"menu_order":0,"comment_status":"closed","ping_status":"closed","template":"full-width.php","meta":[],"yoast_head":"<!-- This site is optimized with the Yoast SEO plugin v17.7.1 - https:\/\/yoast.com\/wordpress\/plugins\/seo\/ -->\n<title>Apps - Webvision Communication<\/title>\n<meta name=\"description\" content=\"Holen Sie sich Ihre individuelle mobile App entwickelt von unserem eigenen Expertenteam\" \/>\n<meta name=\"robots\" content=\"index, follow, max-snippet:-1, max-image-preview:large, max-video-preview:-1\" \/>\n<link rel=\"canonical\" href=\"https:\/\/webvisioncommunication.ch\/index.php\/apps\/\" \/>\n<meta property=\"og:locale\" content=\"de_DE\" \/>\n<meta property=\"og:type\" content=\"article\" \/>\n<meta property=\"og:title\" content=\"Apps - Webvision Communication\" \/>\n<meta property=\"og:description\" content=\"Holen Sie sich Ihre individuelle mobile App entwickelt von unserem eigenen Expertenteam\" \/>\n<meta property=\"og:url\" content=\"https:\/\/webvisioncommunication.ch\/index.php\/apps\/\" \/>\n<meta property=\"og:site_name\" content=\"Webvision Communication\" \/>\n<meta property=\"article:modified_time\" content=\"2021-12-15T06:28:39+00:00\" \/>\n<meta name=\"twitter:card\" content=\"summary_large_image\" \/>\n<meta name=\"twitter:label1\" content=\"Gesch\u00e4tzte Lesezeit\" \/>\n\t<meta name=\"twitter:data1\" content=\"2 Minuten\" \/>\n<script type=\"application\/ld+json\" class=\"yoast-schema-graph\">{\"@context\":\"https:\/\/schema.org\",\"@graph\":[{\"@type\":\"WebSite\",\"@id\":\"https:\/\/webvisioncommunication.ch\/#website\",\"url\":\"https:\/\/webvisioncommunication.ch\/\",\"name\":\"Webvision Communication\",\"description\":\"B\\u00f6se Kreativit\\u00e4t entfesselt\",\"potentialAction\":[{\"@type\":\"SearchAction\",\"target\":{\"@type\":\"EntryPoint\",\"urlTemplate\":\"https:\/\/webvisioncommunication.ch\/?s={search_term_string}\"},\"query-input\":\"required name=search_term_string\"}],\"inLanguage\":\"de-DE\"},{\"@type\":\"WebPage\",\"@id\":\"https:\/\/webvisioncommunication.ch\/index.php\/apps\/#webpage\",\"url\":\"https:\/\/webvisioncommunication.ch\/index.php\/apps\/\",\"name\":\"Apps - Webvision Communication\",\"isPartOf\":{\"@id\":\"https:\/\/webvisioncommunication.ch\/#website\"},\"datePublished\":\"2021-12-09T10:27:26+00:00\",\"dateModified\":\"2021-12-15T06:28:39+00:00\",\"description\":\"Holen Sie sich Ihre individuelle mobile App entwickelt von unserem eigenen Expertenteam\",\"breadcrumb\":{\"@id\":\"https:\/\/webvisioncommunication.ch\/index.php\/apps\/#breadcrumb\"},\"inLanguage\":\"de-DE\",\"potentialAction\":[{\"@type\":\"ReadAction\",\"target\":[\"https:\/\/webvisioncommunication.ch\/index.php\/apps\/\"]}]},{\"@type\":\"BreadcrumbList\",\"@id\":\"https:\/\/webvisioncommunication.ch\/index.php\/apps\/#breadcrumb\",\"itemListElement\":[{\"@type\":\"ListItem\",\"position\":1,\"name\":\"Startseite\",\"item\":\"https:\/\/webvisioncommunication.ch\/\"},{\"@type\":\"ListItem\",\"position\":2,\"name\":\"Apps\"}]}]}<\/script>\n<!-- \/ Yoast SEO plugin. -->","yoast_head_json":{"title":"Apps - Webvision Communication","description":"Holen Sie sich Ihre individuelle mobile App entwickelt von unserem eigenen Expertenteam","robots":{"index":"index","follow":"follow","max-snippet":"max-snippet:-1","max-image-preview":"max-image-preview:large","max-video-preview":"max-video-preview:-1"},"canonical":"https:\/\/webvisioncommunication.ch\/index.php\/apps\/","og_locale":"de_DE","og_type":"article","og_title":"Apps - Webvision Communication","og_description":"Holen Sie sich Ihre individuelle mobile App entwickelt von unserem eigenen Expertenteam","og_url":"https:\/\/webvisioncommunication.ch\/index.php\/apps\/","og_site_name":"Webvision Communication","article_modified_time":"2021-12-15T06:28:39+00:00","twitter_card":"summary_large_image","twitter_misc":{"Gesch\u00e4tzte Lesezeit":"2 Minuten"},"schema":{"@context":"https:\/\/schema.org","@graph":[{"@type":"WebSite","@id":"https:\/\/webvisioncommunication.ch\/#website","url":"https:\/\/webvisioncommunication.ch\/","name":"Webvision Communication","description":"B\u00f6se Kreativit\u00e4t entfesselt","potentialAction":[{"@type":"SearchAction","target":{"@type":"EntryPoint","urlTemplate":"https:\/\/webvisioncommunication.ch\/?s={search_term_string}"},"query-input":"required name=search_term_string"}],"inLanguage":"de-DE"},{"@type":"WebPage","@id":"https:\/\/webvisioncommunication.ch\/index.php\/apps\/#webpage","url":"https:\/\/webvisioncommunication.ch\/index.php\/apps\/","name":"Apps - Webvision Communication","isPartOf":{"@id":"https:\/\/webvisioncommunication.ch\/#website"},"datePublished":"2021-12-09T10:27:26+00:00","dateModified":"2021-12-15T06:28:39+00:00","description":"Holen Sie sich Ihre individuelle mobile App entwickelt von unserem eigenen Expertenteam","breadcrumb":{"@id":"https:\/\/webvisioncommunication.ch\/index.php\/apps\/#breadcrumb"},"inLanguage":"de-DE","potentialAction":[{"@type":"ReadAction","target":["https:\/\/webvisioncommunication.ch\/index.php\/apps\/"]}]},{"@type":"BreadcrumbList","@id":"https:\/\/webvisioncommunication.ch\/index.php\/apps\/#breadcrumb","itemListElement":[{"@type":"ListItem","position":1,"name":"Startseite","item":"https:\/\/webvisioncommunication.ch\/"},{"@type":"ListItem","position":2,"name":"Apps"}]}]}},"_links":{"self":[{"href":"https:\/\/webvisioncommunication.ch\/index.php\/wp-json\/wp\/v2\/pages\/4100"}],"collection":[{"href":"https:\/\/webvisioncommunication.ch\/index.php\/wp-json\/wp\/v2\/pages"}],"about":[{"href":"https:\/\/webvisioncommunication.ch\/index.php\/wp-json\/wp\/v2\/types\/page"}],"author":[{"embeddable":true,"href":"https:\/\/webvisioncommunication.ch\/index.php\/wp-json\/wp\/v2\/users\/1"}],"replies":[{"embeddable":true,"href":"https:\/\/webvisioncommunication.ch\/index.php\/wp-json\/wp\/v2\/comments?post=4100"}],"version-history":[{"count":63,"href":"https:\/\/webvisioncommunication.ch\/index.php\/wp-json\/wp\/v2\/pages\/4100\/revisions"}],"predecessor-version":[{"id":4184,"href":"https:\/\/webvisioncommunication.ch\/index.php\/wp-json\/wp\/v2\/pages\/4100\/revisions\/4184"}],"wp:attachment":[{"href":"https:\/\/webvisioncommunication.ch\/index.php\/wp-json\/wp\/v2\/media?parent=4100"}],"curies":[{"name":"wp","href":"https:\/\/api.w.org\/{rel}","templated":true}]}}