{"id":51,"date":"2017-08-10T08:23:44","date_gmt":"2017-08-10T08:23:44","guid":{"rendered":"http:\/\/bumblebee.edge-themes.com\/?page_id=51"},"modified":"2023-01-30T08:34:15","modified_gmt":"2023-01-30T08:34:15","slug":"ueber-uns","status":"publish","type":"page","link":"https:\/\/webvisioncommunication.ch\/index.php\/ueber-uns\/","title":{"rendered":"\u00dcber uns"},"content":{"rendered":"<p>[vc_row row_type=&#8221;parallax&#8221; full_screen_section_height=&#8221;no&#8221; parallax_background_image=&#8221;2439&#8243; mobilebbresponsive=&#8221;.bb_custom_1637314248284{margin-bottom:-!important;}&#8221;][vc_column]<div class=\"edgtf-elements-holder edgtf-responsive-mode-768\" ><div class=\"edgtf-elements-holder-item \" data-item-class=\"edgtf-elements-holder-custom-363380\" data-1280-1440=\"15% 22% 14% 22%\" data-1024-1280=\"14% 11% 14% 11%\" data-768-1024=\"14% 11% 11% 11%\" data-600-768=\"18% 11% 18% 11%\" data-480-600=\"42% 18% 12.5% 18%\" data-480=\"42% 18% 12.5% 18%\" >\n        <div class=\"edgtf-elements-holder-item-inner\">\n        <div class=\"edgtf-elements-holder-item-content edgtf-elements-holder-custom-363380\" style=\"padding: 11.5% 22% 11.5% 22%\">\n            \n<div class=\"edgtf-custom-font-holder\" style=\"font-family: Poppins;font-size: 60px;line-height: 130px;font-weight: 500;text-align: center;color: #ffffff\" data-font-size= 60 data-line-height= 130>\n    <span class=\"edgtf-typed-wrap\" style=\"color: #ffffff\">\n\t\t\t<span class=\"edgtf-typed\">\n\t\t\t\t                    <span class=\"edgtf-typed-1\">Lust auf etwas frischen?<\/span>\n                                    <span class=\"edgtf-typed-2\">Seit \u00fcber 10 Jahren f\u00fcr Sie da<\/span>\n                                    <span class=\"edgtf-typed-3\">Das Thema Hosting darf nicht fehlen.<\/span>\n                \t\t\t<\/span>\n\t\t<\/span>\n<\/div>        <\/div>\n    <\/div>\n<\/div><\/div>[\/vc_column][\/vc_row][vc_row css=&#8221;.vc_custom_1636712019906{margin-top: -30px !important;background-position: center !important;background-repeat: no-repeat !important;background-size: contain !important;}&#8221;][vc_column][\/vc_column][\/vc_row][vc_row css=&#8221;.vc_custom_1637315150569{margin-top: 100px !important;padding-left: 50px !important;background-position: 0 0 !important;background-repeat: no-repeat !important;}&#8221; mobilebbresponsive=&#8221;.bb_custom_1637315150569{margin-top:-200px!important;margin-right:-80px!important;margin-left:-120px!important;}&#8221;][vc_column width=&#8221;1\/2&#8243;][vc_empty_space height=&#8221;115px&#8221;]<div class=\"edgtf-elements-holder edgtf-responsive-mode-768\" ><div class=\"edgtf-elements-holder-item \" data-item-class=\"edgtf-elements-holder-custom-135748\" data-1280-1440=\"15% 22% 14% 22%\" data-1024-1280=\"14% 11% 14% 11%\" data-768-1024=\"14% 11% 11% 11%\" data-600-768=\"18% 11% 18% 11%\" data-480-600=\"42% 18% 12.5% 18%\" data-480=\"42% 18% 12.5% 18%\" >\n        <div class=\"edgtf-elements-holder-item-inner\">\n        <div class=\"edgtf-elements-holder-item-content edgtf-elements-holder-custom-135748\" style=\"padding: 10% 5% 5% 15%\">\n            \n<div class=\"edgtf-custom-font-holder\" style=\"font-family: Poppins;font-size: 45px;line-height: 55px;font-weight: 500;text-align: center;color: #f3b61f\" data-font-size= 45 data-line-height= 55>\nSeit \u00fcber 10 Jahren f\u00fcr Sie da<\/div>[vc_empty_space][vc_column_text]<\/p>\n<h4>Unser Team besteht aus leidenschaftlichen Webdesignern, Entwicklern und erfahrenen Internet-Profis. Umfangreiche Internetangebote, \u00fcberzeugendes Webdesign, benutzerfreundliche Webshops und informative Webseiten sind unsere ganze Leidenschaft. Gestaltung, Text, Bild und Pers\u00f6nlichkeit werden von uns zu einem gro\u00dfen Ganzen zusammengef\u00fcgt, nat\u00fcrlich unter Verwendung der neuesten Technik.<\/h4>\n<p>[\/vc_column_text]        <\/div>\n    <\/div>\n<\/div><\/div>[vc_empty_space height=&#8221;40px&#8221;][\/vc_column][vc_column width=&#8221;1\/2&#8243; mobilebbresponsive=&#8221;.bb_custom_1638177233261{margin-top:-40px!important;}&#8221; offset=&#8221;vc_hidden-xs&#8221;][vc_single_image image=&#8221;3492&#8243; img_size=&#8221;850&#215;650&#8243; css=&#8221;.vc_custom_1638177220124{margin-top: 67px !important;}&#8221;][\/vc_column][\/vc_row][vc_row css=&#8221;.vc_custom_1637314685278{padding-right: 50px !important;background-position: 0 0 !important;background-repeat: no-repeat !important;}&#8221; mobilebbresponsive=&#8221;.bb_custom_1637314685278{margin-right:-40px!important;margin-left:10px!important;}&#8221;][vc_column width=&#8221;1\/2&#8243;][vc_single_image image=&#8221;3577&#8243; img_size=&#8221;850&#215;650&#8243;][\/vc_column][vc_column width=&#8221;1\/2&#8243; css=&#8221;.vc_custom_1637865912415{margin-left: 50px !important;}&#8221; mobilebbresponsive=&#8221;.bb_custom_1637865912416{margin-right:30px!important;margin-left:-50px!important;}&#8221;][vc_empty_space height=&#8221;115px&#8221;]\n<div class=\"edgtf-custom-font-holder\" style=\"font-family: Poppins;font-size: 40px;line-height: 45px;font-weight: 500;text-align: center;color: #f3b61f\" data-font-size= 40 data-line-height= 45>\nLust auf etwas frischen?<\/div>[vc_empty_space][vc_column_text]<\/p>\n<h4>Sind Sie mit Ihrer bestehenden Website nicht mehr zufrieden oder m\u00f6chten etwas frischen Wind in die Sache bringen? Wir unterst\u00fctzen Sie als Webdesign Agentur aus F\u00fcllinsdorf CH gerne.<\/h4>\n<p>[\/vc_column_text][vc_empty_space][vc_column_text]<\/p>\n<h4>Wenn Sie also eine Webagentur in der Schweiz suchen, die Sie mit frischen Ideen begeistert und gleichzeitig viel Expertise im Bereich der Web-Entwicklung und des E-Commerce mitbringt, dann kontaktieren Sie uns!<\/h4>\n<p>[\/vc_column_text][vc_empty_space][\/vc_column][\/vc_row][vc_row css=&#8221;.vc_custom_1637314638355{padding-left: 50px !important;background-position: 0 0 !important;background-repeat: no-repeat !important;}&#8221; mobilebbresponsive=&#8221;.bb_custom_1637314638355{margin-right:20px!important;margin-left:-40px!important;}&#8221;][vc_column width=&#8221;1\/2&#8243;][vc_empty_space height=&#8221;65px&#8221;]\n<div class=\"edgtf-custom-font-holder\" style=\"font-family: Poppins;font-size: 40px;line-height: 45px;font-weight: 500;text-align: center;color: #f3b61f\" data-font-size= 40 data-line-height= 45>\nDas Thema Hosting darf beim Webdesign nicht fehlen.<\/div>[vc_empty_space][vc_column_text]<\/p>\n<h4>Wenn Sie mit Ihrem aktuellen Hosting-Provider oder der Geschwindigkeit Ihrer Website nicht mehr zufrieden sind, beraten wir Sie aber gerne bzgl. einer Alternative. Wir setzen beim Hosting von WordPress Websites vorzugsweise auf den Premium Anbieter <strong>Cyon<\/strong>. Cyon ist nicht nur einer der schnellsten Anbieter auf dem Markt, sondern verf\u00fcgt \u00fcber eine <strong>integrierte Staging Umgebung<\/strong>. Dadurch k\u00f6nnen wir Anpassungen (Design, Updates, PHP Version, etc.) an Ihrer Website im Vorfeld testen und anschlie\u00dfend auf Ihre Live-Website \u00fcbertragen.<\/h4>\n<p>[\/vc_column_text][vc_empty_space][\/vc_column][vc_column width=&#8221;1\/2&#8243;][vc_single_image image=&#8221;2989&#8243; img_size=&#8221;800&#215;600&#8243;][\/vc_column][\/vc_row]<\/p>\n","protected":false},"excerpt":{"rendered":"<p>[vc_row row_type=&#8221;parallax&#8221; full_screen_section_height=&#8221;no&#8221; parallax_background_image=&#8221;2439&#8243; mobilebbresponsive=&#8221;.bb_custom_1637314248284{margin-bottom:-!important;}&#8221;][vc_column][\/vc_column][\/vc_row][vc_row css=&#8221;.vc_custom_1636712019906{margin-top: -30px !important;background-position: center !important;background-repeat: no-repeat !important;background-size: contain !important;}&#8221;][vc_column][\/vc_column][\/vc_row][vc_row css=&#8221;.vc_custom_1637315150569{margin-top: 100px !important;padding-left: 50px !important;background-position: 0 0 !important;background-repeat: no-repeat !important;}&#8221; mobilebbresponsive=&#8221;.bb_custom_1637315150569{margin-top:-200px!important;margin-right:-80px!important;margin-left:-120px!important;}&#8221;][vc_column width=&#8221;1\/2&#8243;][vc_empty_space height=&#8221;115px&#8221;][vc_empty_space height=&#8221;40px&#8221;][\/vc_column][vc_column width=&#8221;1\/2&#8243; mobilebbresponsive=&#8221;.bb_custom_1638177233261{margin-top:-40px!important;}&#8221; offset=&#8221;vc_hidden-xs&#8221;][vc_single_image image=&#8221;3492&#8243; img_size=&#8221;850&#215;650&#8243; css=&#8221;.vc_custom_1638177220124{margin-top: 67px !important;}&#8221;][\/vc_column][\/vc_row][vc_row css=&#8221;.vc_custom_1637314685278{padding-right: 50px !important;background-position: 0 0 !important;background-repeat: no-repeat !important;}&#8221; mobilebbresponsive=&#8221;.bb_custom_1637314685278{margin-right:-40px!important;margin-left:10px!important;}&#8221;][vc_column&#8230;<\/p>\n","protected":false},"author":1,"featured_media":0,"parent":0,"menu_order":0,"comment_status":"closed","ping_status":"closed","template":"full-width.php","meta":[],"yoast_head":"<!-- This site is optimized with the Yoast SEO plugin v17.7.1 - https:\/\/yoast.com\/wordpress\/plugins\/seo\/ -->\n<title>\u00dcber uns - Webvision Communication<\/title>\n<meta name=\"robots\" content=\"index, follow, max-snippet:-1, max-image-preview:large, max-video-preview:-1\" \/>\n<link rel=\"canonical\" href=\"https:\/\/webvisioncommunication.ch\/index.php\/ueber-uns\/\" \/>\n<meta property=\"og:locale\" content=\"de_DE\" \/>\n<meta property=\"og:type\" content=\"article\" \/>\n<meta property=\"og:title\" content=\"\u00dcber uns - Webvision Communication\" \/>\n<meta property=\"og:description\" content=\"[vc_row row_type=&#8221;parallax&#8221; full_screen_section_height=&#8221;no&#8221; parallax_background_image=&#8221;2439&#8243; mobilebbresponsive=&#8221;.bb_custom_1637314248284{margin-bottom:-!important;}&#8221;][vc_column][\/vc_column][\/vc_row][vc_row css=&#8221;.vc_custom_1636712019906{margin-top: -30px !important;background-position: center !important;background-repeat: no-repeat !important;background-size: contain !important;}&#8221;][vc_column][\/vc_column][\/vc_row][vc_row css=&#8221;.vc_custom_1637315150569{margin-top: 100px !important;padding-left: 50px !important;background-position: 0 0 !important;background-repeat: no-repeat !important;}&#8221; mobilebbresponsive=&#8221;.bb_custom_1637315150569{margin-top:-200px!important;margin-right:-80px!important;margin-left:-120px!important;}&#8221;][vc_column width=&#8221;1\/2&#8243;][vc_empty_space height=&#8221;115px&#8221;][vc_empty_space height=&#8221;40px&#8221;][\/vc_column][vc_column width=&#8221;1\/2&#8243; mobilebbresponsive=&#8221;.bb_custom_1638177233261{margin-top:-40px!important;}&#8221; offset=&#8221;vc_hidden-xs&#8221;][vc_single_image image=&#8221;3492&#8243; img_size=&#8221;850&#215;650&#8243; css=&#8221;.vc_custom_1638177220124{margin-top: 67px !important;}&#8221;][\/vc_column][\/vc_row][vc_row css=&#8221;.vc_custom_1637314685278{padding-right: 50px !important;background-position: 0 0 !important;background-repeat: no-repeat !important;}&#8221; mobilebbresponsive=&#8221;.bb_custom_1637314685278{margin-right:-40px!important;margin-left:10px!important;}&#8221;][vc_column...\" \/>\n<meta property=\"og:url\" content=\"https:\/\/webvisioncommunication.ch\/index.php\/ueber-uns\/\" \/>\n<meta property=\"og:site_name\" content=\"Webvision Communication\" \/>\n<meta property=\"article:modified_time\" content=\"2023-01-30T08:34:15+00:00\" \/>\n<meta name=\"twitter:card\" content=\"summary_large_image\" \/>\n<meta name=\"twitter:label1\" content=\"Gesch\u00e4tzte Lesezeit\" \/>\n\t<meta name=\"twitter:data1\" content=\"3 Minuten\" \/>\n<script type=\"application\/ld+json\" class=\"yoast-schema-graph\">{\"@context\":\"https:\/\/schema.org\",\"@graph\":[{\"@type\":\"WebSite\",\"@id\":\"https:\/\/webvisioncommunication.ch\/#website\",\"url\":\"https:\/\/webvisioncommunication.ch\/\",\"name\":\"Webvision Communication\",\"description\":\"B\\u00f6se Kreativit\\u00e4t entfesselt\",\"potentialAction\":[{\"@type\":\"SearchAction\",\"target\":{\"@type\":\"EntryPoint\",\"urlTemplate\":\"https:\/\/webvisioncommunication.ch\/?s={search_term_string}\"},\"query-input\":\"required name=search_term_string\"}],\"inLanguage\":\"de-DE\"},{\"@type\":\"WebPage\",\"@id\":\"https:\/\/webvisioncommunication.ch\/index.php\/ueber-uns\/#webpage\",\"url\":\"https:\/\/webvisioncommunication.ch\/index.php\/ueber-uns\/\",\"name\":\"\\u00dcber uns - Webvision Communication\",\"isPartOf\":{\"@id\":\"https:\/\/webvisioncommunication.ch\/#website\"},\"datePublished\":\"2017-08-10T08:23:44+00:00\",\"dateModified\":\"2023-01-30T08:34:15+00:00\",\"breadcrumb\":{\"@id\":\"https:\/\/webvisioncommunication.ch\/index.php\/ueber-uns\/#breadcrumb\"},\"inLanguage\":\"de-DE\",\"potentialAction\":[{\"@type\":\"ReadAction\",\"target\":[\"https:\/\/webvisioncommunication.ch\/index.php\/ueber-uns\/\"]}]},{\"@type\":\"BreadcrumbList\",\"@id\":\"https:\/\/webvisioncommunication.ch\/index.php\/ueber-uns\/#breadcrumb\",\"itemListElement\":[{\"@type\":\"ListItem\",\"position\":1,\"name\":\"Startseite\",\"item\":\"https:\/\/webvisioncommunication.ch\/\"},{\"@type\":\"ListItem\",\"position\":2,\"name\":\"\\u00dcber uns\"}]}]}<\/script>\n<!-- \/ Yoast SEO plugin. -->","yoast_head_json":{"title":"\u00dcber uns - Webvision Communication","robots":{"index":"index","follow":"follow","max-snippet":"max-snippet:-1","max-image-preview":"max-image-preview:large","max-video-preview":"max-video-preview:-1"},"canonical":"https:\/\/webvisioncommunication.ch\/index.php\/ueber-uns\/","og_locale":"de_DE","og_type":"article","og_title":"\u00dcber uns - Webvision Communication","og_description":"[vc_row row_type=&#8221;parallax&#8221; full_screen_section_height=&#8221;no&#8221; parallax_background_image=&#8221;2439&#8243; mobilebbresponsive=&#8221;.bb_custom_1637314248284{margin-bottom:-!important;}&#8221;][vc_column][\/vc_column][\/vc_row][vc_row css=&#8221;.vc_custom_1636712019906{margin-top: -30px !important;background-position: center !important;background-repeat: no-repeat !important;background-size: contain !important;}&#8221;][vc_column][\/vc_column][\/vc_row][vc_row css=&#8221;.vc_custom_1637315150569{margin-top: 100px !important;padding-left: 50px !important;background-position: 0 0 !important;background-repeat: no-repeat !important;}&#8221; mobilebbresponsive=&#8221;.bb_custom_1637315150569{margin-top:-200px!important;margin-right:-80px!important;margin-left:-120px!important;}&#8221;][vc_column width=&#8221;1\/2&#8243;][vc_empty_space height=&#8221;115px&#8221;][vc_empty_space height=&#8221;40px&#8221;][\/vc_column][vc_column width=&#8221;1\/2&#8243; mobilebbresponsive=&#8221;.bb_custom_1638177233261{margin-top:-40px!important;}&#8221; offset=&#8221;vc_hidden-xs&#8221;][vc_single_image image=&#8221;3492&#8243; img_size=&#8221;850&#215;650&#8243; css=&#8221;.vc_custom_1638177220124{margin-top: 67px !important;}&#8221;][\/vc_column][\/vc_row][vc_row css=&#8221;.vc_custom_1637314685278{padding-right: 50px !important;background-position: 0 0 !important;background-repeat: no-repeat !important;}&#8221; mobilebbresponsive=&#8221;.bb_custom_1637314685278{margin-right:-40px!important;margin-left:10px!important;}&#8221;][vc_column...","og_url":"https:\/\/webvisioncommunication.ch\/index.php\/ueber-uns\/","og_site_name":"Webvision Communication","article_modified_time":"2023-01-30T08:34:15+00:00","twitter_card":"summary_large_image","twitter_misc":{"Gesch\u00e4tzte Lesezeit":"3 Minuten"},"schema":{"@context":"https:\/\/schema.org","@graph":[{"@type":"WebSite","@id":"https:\/\/webvisioncommunication.ch\/#website","url":"https:\/\/webvisioncommunication.ch\/","name":"Webvision Communication","description":"B\u00f6se Kreativit\u00e4t entfesselt","potentialAction":[{"@type":"SearchAction","target":{"@type":"EntryPoint","urlTemplate":"https:\/\/webvisioncommunication.ch\/?s={search_term_string}"},"query-input":"required name=search_term_string"}],"inLanguage":"de-DE"},{"@type":"WebPage","@id":"https:\/\/webvisioncommunication.ch\/index.php\/ueber-uns\/#webpage","url":"https:\/\/webvisioncommunication.ch\/index.php\/ueber-uns\/","name":"\u00dcber uns - Webvision Communication","isPartOf":{"@id":"https:\/\/webvisioncommunication.ch\/#website"},"datePublished":"2017-08-10T08:23:44+00:00","dateModified":"2023-01-30T08:34:15+00:00","breadcrumb":{"@id":"https:\/\/webvisioncommunication.ch\/index.php\/ueber-uns\/#breadcrumb"},"inLanguage":"de-DE","potentialAction":[{"@type":"ReadAction","target":["https:\/\/webvisioncommunication.ch\/index.php\/ueber-uns\/"]}]},{"@type":"BreadcrumbList","@id":"https:\/\/webvisioncommunication.ch\/index.php\/ueber-uns\/#breadcrumb","itemListElement":[{"@type":"ListItem","position":1,"name":"Startseite","item":"https:\/\/webvisioncommunication.ch\/"},{"@type":"ListItem","position":2,"name":"\u00dcber uns"}]}]}},"_links":{"self":[{"href":"https:\/\/webvisioncommunication.ch\/index.php\/wp-json\/wp\/v2\/pages\/51"}],"collection":[{"href":"https:\/\/webvisioncommunication.ch\/index.php\/wp-json\/wp\/v2\/pages"}],"about":[{"href":"https:\/\/webvisioncommunication.ch\/index.php\/wp-json\/wp\/v2\/types\/page"}],"author":[{"embeddable":true,"href":"https:\/\/webvisioncommunication.ch\/index.php\/wp-json\/wp\/v2\/users\/1"}],"replies":[{"embeddable":true,"href":"https:\/\/webvisioncommunication.ch\/index.php\/wp-json\/wp\/v2\/comments?post=51"}],"version-history":[{"count":230,"href":"https:\/\/webvisioncommunication.ch\/index.php\/wp-json\/wp\/v2\/pages\/51\/revisions"}],"predecessor-version":[{"id":4204,"href":"https:\/\/webvisioncommunication.ch\/index.php\/wp-json\/wp\/v2\/pages\/51\/revisions\/4204"}],"wp:attachment":[{"href":"https:\/\/webvisioncommunication.ch\/index.php\/wp-json\/wp\/v2\/media?parent=51"}],"curies":[{"name":"wp","href":"https:\/\/api.w.org\/{rel}","templated":true}]}}